{"id":7785,"date":"2024-12-23T14:34:53","date_gmt":"2024-12-23T14:34:53","guid":{"rendered":"https:\/\/titantravel.gr\/?page_id=7785"},"modified":"2026-03-18T23:00:05","modified_gmt":"2026-03-18T23:00:05","slug":"plan-de-l-hotel","status":"publish","type":"page","link":"https:\/\/hydra-beach.com\/fr\/plan-de-l-hotel\/","title":{"rendered":"Resort Map"},"content":{"rendered":"<div data-elementor-type=\"wp-page\" data-elementor-id=\"7785\" class=\"elementor elementor-7785\">\n\t\t\t\t\t\t<section class=\"elementor-section elementor-top-section elementor-element elementor-element-af10d4 elementor-section-height-min-height elementor-section-items-bottom luxed-section-wave elementor-section-boxed elementor-section-height-default\" data-id=\"af10d4\" data-element_type=\"section\" data-e-type=\"section\" data-settings=\"{&quot;background_background&quot;:&quot;classic&quot;}\">\n\t\t\t\t\t\t\t<div class=\"elementor-background-overlay\"><\/div>\n\t\t\t\t\t\t\t<div class=\"elementor-container elementor-column-gap-default\">\n\t\t\t\t\t<div class=\"elementor-column elementor-col-100 elementor-top-column elementor-element elementor-element-7da53ffa\" data-id=\"7da53ffa\" data-element_type=\"column\" data-e-type=\"column\">\n\t\t\t<div class=\"elementor-widget-wrap elementor-element-populated\">\n\t\t\t\t\t\t<div class=\"elementor-element elementor-element-6bcc0216 elementor-widget elementor-widget-spacer\" data-id=\"6bcc0216\" data-element_type=\"widget\" data-e-type=\"widget\" data-widget_type=\"spacer.default\">\n\t\t\t\t<div class=\"elementor-widget-container\">\n\t\t\t\t\t\t\t<div class=\"elementor-spacer\">\n\t\t\t<div class=\"elementor-spacer-inner\"><\/div>\n\t\t<\/div>\n\t\t\t\t\t\t<\/div>\n\t\t\t\t<\/div>\n\t\t\t\t\t<\/div>\n\t\t<\/div>\n\t\t\t\t\t<\/div>\n\t\t<\/section>\n\t\t\t\t<section class=\"elementor-section elementor-top-section elementor-element elementor-element-579afb77 elementor-section-boxed elementor-section-height-default elementor-section-height-default no no no\" data-id=\"579afb77\" data-element_type=\"section\" data-e-type=\"section\">\n\t\t\t\t\t\t<div class=\"elementor-container elementor-column-gap-default\">\n\t\t\t\t\t<div class=\"elementor-column elementor-col-100 elementor-top-column elementor-element elementor-element-73898a03\" data-id=\"73898a03\" data-element_type=\"column\" data-e-type=\"column\">\n\t\t\t<div class=\"elementor-widget-wrap elementor-element-populated\">\n\t\t\t\t\t\t<div class=\"elementor-element elementor-element-ebb584f elementor-widget elementor-widget-text-editor\" data-id=\"ebb584f\" data-element_type=\"widget\" data-e-type=\"widget\" data-widget_type=\"text-editor.default\">\n\t\t\t\t<div class=\"elementor-widget-container\">\n\t\t\t\t\t\t\t\t\t<div class=\"elementor-element elementor-element-8611276 wd-width-100 elementor-widget elementor-widget-wd_title\" data-id=\"8611276\" data-element_type=\"widget\" data-widget_type=\"wd_title.default\">\n<div class=\"elementor-widget-container\">\n<div class=\"title-wrapper wd-set-mb reset-last-child wd-title-color-default wd-title-style-default wd-title-size-default text-left\">\n<div class=\"title-after_title reset-last-child wd-fontsize-xs\">\n\nVeuillez consulter le plan du Hydra Beach Resort ci-dessous ou\u00a0<a href=\"https:\/\/hydra-beach.com\/wp-content\/uploads\/2024\/12\/HYDRA-BEACH-Resort-Map.pdf\" target=\"_blank\" rel=\"noopener\"><strong><span style=\"color: #56c5d0;\">ou cliquez ici<\/span><\/strong><\/a>\u00a0pour le t\u00e9l\u00e9charger au format pdf.\n\n<\/div>\n<\/div>\n<\/div>\n<\/div>\n<div class=\"elementor-element elementor-element-76d6334 elementor-widget elementor-widget-image\" data-id=\"76d6334\" data-element_type=\"widget\" data-widget_type=\"image.default\">\n<div class=\"elementor-widget-container\"><\/div>\n<\/div>\t\t\t\t\t\t\t\t<\/div>\n\t\t\t\t<\/div>\n\t\t\t\t<div class=\"elementor-element elementor-element-1fb16a0 no elementor-widget elementor-widget-image\" data-id=\"1fb16a0\" data-element_type=\"widget\" data-e-type=\"widget\" data-widget_type=\"image.default\">\n\t\t\t\t<div class=\"elementor-widget-container\">\n\t\t\t\t\t\t\t\t\t\t\t\t\t\t\t<img fetchpriority=\"high\" decoding=\"async\" width=\"2468\" height=\"1754\" src=\"https:\/\/hydra-beach.com\/wp-content\/uploads\/2024\/12\/HYDRA-BEACH-Resort-Map.jpg\" class=\"attachment-full size-full wp-image-7807\" alt=\"\" srcset=\"https:\/\/hydra-beach.com\/wp-content\/uploads\/2024\/12\/HYDRA-BEACH-Resort-Map.jpg 2468w, https:\/\/hydra-beach.com\/wp-content\/uploads\/2024\/12\/HYDRA-BEACH-Resort-Map-300x213.jpg 300w, https:\/\/hydra-beach.com\/wp-content\/uploads\/2024\/12\/HYDRA-BEACH-Resort-Map-1024x728.jpg 1024w, https:\/\/hydra-beach.com\/wp-content\/uploads\/2024\/12\/HYDRA-BEACH-Resort-Map-768x546.jpg 768w, https:\/\/hydra-beach.com\/wp-content\/uploads\/2024\/12\/HYDRA-BEACH-Resort-Map-1536x1092.jpg 1536w, https:\/\/hydra-beach.com\/wp-content\/uploads\/2024\/12\/HYDRA-BEACH-Resort-Map-2048x1456.jpg 2048w\" sizes=\"(max-width: 2468px) 100vw, 2468px\" \/>\t\t\t\t\t\t\t\t\t\t\t\t\t\t\t<\/div>\n\t\t\t\t<\/div>\n\t\t\t\t\t<\/div>\n\t\t<\/div>\n\t\t\t\t\t<\/div>\n\t\t<\/section>\n\t\t\t\t<section class=\"elementor-section elementor-top-section elementor-element elementor-element-3967fff6 elementor-section-full_width elementor-section-stretched elementor-section-height-default elementor-section-height-default no no no\" data-id=\"3967fff6\" data-element_type=\"section\" data-e-type=\"section\" data-settings=\"{&quot;stretch_section&quot;:&quot;section-stretched&quot;}\">\n\t\t\t\t\t\t<div class=\"elementor-container elementor-column-gap-default\">\n\t\t\t\t\t<div class=\"elementor-column elementor-col-50 elementor-top-column elementor-element elementor-element-624233aa\" data-id=\"624233aa\" data-element_type=\"column\" data-e-type=\"column\">\n\t\t\t<div class=\"elementor-widget-wrap elementor-element-populated\">\n\t\t\t\t\t\t<div class=\"elementor-element elementor-element-578c3bb1 elementor-widget elementor-widget-text-editor\" data-id=\"578c3bb1\" data-element_type=\"widget\" data-e-type=\"widget\" data-widget_type=\"text-editor.default\">\n\t\t\t\t<div class=\"elementor-widget-container\">\n\t\t\t\t\t\t\t\t\t<p><img decoding=\"async\" class=\"size-full wp-image-7299 aligncenter\" src=\"https:\/\/hydra-beach.com\/wp-content\/uploads\/2024\/12\/cropped-LOGO300.png\" alt=\"\" width=\"207\" height=\"117\" \/><\/p><p style=\"text-align: center;\"><span style=\"color: #000000;\">Thermisia \u2013 Plepi, Route r\u00e9gionale Ermioni \u2013 Galatas<\/span><br \/><span style=\"color: #000000;\">P\u00e9loponn\u00e8se, Gr\u00e8ce <\/span><br \/><span style=\"color: #000000;\">Tel. (+30) 2754 098700 <\/span><br \/><span style=\"color: #000000;\">info@hydra-beach.com <\/span><\/p>\t\t\t\t\t\t\t\t<\/div>\n\t\t\t\t<\/div>\n\t\t\t\t\t<\/div>\n\t\t<\/div>\n\t\t\t\t<div class=\"elementor-column elementor-col-50 elementor-top-column elementor-element elementor-element-724c64f5\" data-id=\"724c64f5\" data-element_type=\"column\" data-e-type=\"column\">\n\t\t\t<div class=\"elementor-widget-wrap elementor-element-populated\">\n\t\t\t\t\t\t<div class=\"elementor-element elementor-element-7faf151d elementor-widget elementor-widget-text-editor\" data-id=\"7faf151d\" data-element_type=\"widget\" data-e-type=\"widget\" data-widget_type=\"text-editor.default\">\n\t\t\t\t<div class=\"elementor-widget-container\">\n\t\t\t\t\t\t\t\t\t<div class=\"wp-block-group\"><div class=\"wp-block-group__inner-container is-layout-constrained wp-block-group-is-layout-constrained\"><h4 class=\"wp-block-heading\" style=\"text-align: center;\">#HydraBeach<\/h4><h4 style=\"text-align: center;\">SUIVEZ-NOUS<\/h4><\/div><\/div>\t\t\t\t\t\t\t\t<\/div>\n\t\t\t\t<\/div>\n\t\t<div class=\"elementor-element elementor-element-25f2fce6 e-flex e-con-boxed e-con e-parent\" data-id=\"25f2fce6\" data-element_type=\"container\" data-e-type=\"container\">\n\t\t\t\t\t<div class=\"e-con-inner\">\n\t\t\t\t<div class=\"elementor-element elementor-element-54e5d8e5 elementor-shape-rounded elementor-grid-0 e-grid-align-center elementor-widget elementor-widget-social-icons\" data-id=\"54e5d8e5\" data-element_type=\"widget\" data-e-type=\"widget\" data-widget_type=\"social-icons.default\">\n\t\t\t\t<div class=\"elementor-widget-container\">\n\t\t\t\t\t\t\t<div class=\"elementor-social-icons-wrapper elementor-grid\" role=\"list\">\n\t\t\t\t\t\t\t<span class=\"elementor-grid-item\" role=\"listitem\">\n\t\t\t\t\t<a class=\"elementor-icon elementor-social-icon elementor-social-icon-facebook elementor-repeater-item-e0c8139\" href=\"https:\/\/www.facebook.com\/hydrabeachresortgreece\" target=\"_blank\">\n\t\t\t\t\t\t<span class=\"elementor-screen-only\">Facebook<\/span>\n\t\t\t\t\t\t<svg aria-hidden=\"true\" class=\"e-font-icon-svg e-fab-facebook\" viewbox=\"0 0 512 512\" xmlns=\"http:\/\/www.w3.org\/2000\/svg\"><path d=\"M504 256C504 119 393 8 256 8S8 119 8 256c0 123.78 90.69 226.38 209.25 245V327.69h-63V256h63v-54.64c0-62.15 37-96.48 93.67-96.48 27.14 0 55.52 4.84 55.52 4.84v61h-31.28c-30.8 0-40.41 19.12-40.41 38.73V256h68.78l-11 71.69h-57.78V501C413.31 482.38 504 379.78 504 256z\"><\/path><\/svg>\t\t\t\t\t<\/a>\n\t\t\t\t<\/span>\n\t\t\t\t\t\t\t<span class=\"elementor-grid-item\" role=\"listitem\">\n\t\t\t\t\t<a class=\"elementor-icon elementor-social-icon elementor-social-icon-instagram elementor-repeater-item-0c4b79c\" href=\"https:\/\/www.instagram.com\/hydrabeachresortgreece\/\" target=\"_blank\">\n\t\t\t\t\t\t<span class=\"elementor-screen-only\">Instagram<\/span>\n\t\t\t\t\t\t<svg aria-hidden=\"true\" class=\"e-font-icon-svg e-fab-instagram\" viewbox=\"0 0 448 512\" xmlns=\"http:\/\/www.w3.org\/2000\/svg\"><path d=\"M224.1 141c-63.6 0-114.9 51.3-114.9 114.9s51.3 114.9 114.9 114.9S339 319.5 339 255.9 287.7 141 224.1 141zm0 189.6c-41.1 0-74.7-33.5-74.7-74.7s33.5-74.7 74.7-74.7 74.7 33.5 74.7 74.7-33.6 74.7-74.7 74.7zm146.4-194.3c0 14.9-12 26.8-26.8 26.8-14.9 0-26.8-12-26.8-26.8s12-26.8 26.8-26.8 26.8 12 26.8 26.8zm76.1 27.2c-1.7-35.9-9.9-67.7-36.2-93.9-26.2-26.2-58-34.4-93.9-36.2-37-2.1-147.9-2.1-184.9 0-35.8 1.7-67.6 9.9-93.9 36.1s-34.4 58-36.2 93.9c-2.1 37-2.1 147.9 0 184.9 1.7 35.9 9.9 67.7 36.2 93.9s58 34.4 93.9 36.2c37 2.1 147.9 2.1 184.9 0 35.9-1.7 67.7-9.9 93.9-36.2 26.2-26.2 34.4-58 36.2-93.9 2.1-37 2.1-147.8 0-184.8zM398.8 388c-7.8 19.6-22.9 34.7-42.6 42.6-29.5 11.7-99.5 9-132.1 9s-102.7 2.6-132.1-9c-19.6-7.8-34.7-22.9-42.6-42.6-11.7-29.5-9-99.5-9-132.1s-2.6-102.7 9-132.1c7.8-19.6 22.9-34.7 42.6-42.6 29.5-11.7 99.5-9 132.1-9s102.7-2.6 132.1 9c19.6 7.8 34.7 22.9 42.6 42.6 11.7 29.5 9 99.5 9 132.1s2.7 102.7-9 132.1z\"><\/path><\/svg>\t\t\t\t\t<\/a>\n\t\t\t\t<\/span>\n\t\t\t\t\t<\/div>\n\t\t\t\t\t\t<\/div>\n\t\t\t\t<\/div>\n\t\t\t\t\t<\/div>\n\t\t\t\t<\/div>\n\t\t\t\t\t<\/div>\n\t\t<\/div>\n\t\t\t\t\t<\/div>\n\t\t<\/section>\n\t\t\t\t<\/div>","protected":false},"excerpt":{"rendered":"<p>Please see the resort map below or\u00a0click here\u00a0to download it. Thermisia &#8211; Plepi, Epar. Od. Ermionis &#8211; Galatas,21051 Peloponnese, Greece Tel. (+30) 2754 098700 info@hydra-beach.com [&hellip;]<\/p>\n","protected":false},"author":1,"featured_media":0,"parent":0,"menu_order":0,"comment_status":"closed","ping_status":"closed","template":"","meta":{"_acf_changed":false,"footnotes":""},"class_list":["post-7785","page","type-page","status-publish","hentry","luxed-post"],"acf":[],"_links":{"self":[{"href":"https:\/\/hydra-beach.com\/fr\/wp-json\/wp\/v2\/pages\/7785","targetHints":{"allow":["GET"]}}],"collection":[{"href":"https:\/\/hydra-beach.com\/fr\/wp-json\/wp\/v2\/pages"}],"about":[{"href":"https:\/\/hydra-beach.com\/fr\/wp-json\/wp\/v2\/types\/page"}],"author":[{"embeddable":true,"href":"https:\/\/hydra-beach.com\/fr\/wp-json\/wp\/v2\/users\/1"}],"replies":[{"embeddable":true,"href":"https:\/\/hydra-beach.com\/fr\/wp-json\/wp\/v2\/comments?post=7785"}],"version-history":[{"count":31,"href":"https:\/\/hydra-beach.com\/fr\/wp-json\/wp\/v2\/pages\/7785\/revisions"}],"predecessor-version":[{"id":8927,"href":"https:\/\/hydra-beach.com\/fr\/wp-json\/wp\/v2\/pages\/7785\/revisions\/8927"}],"wp:attachment":[{"href":"https:\/\/hydra-beach.com\/fr\/wp-json\/wp\/v2\/media?parent=7785"}],"curies":[{"name":"wp","href":"https:\/\/api.w.org\/{rel}","templated":true}]}}